{"id":21379,"date":"2014-05-24T13:51:08","date_gmt":"2014-05-24T13:51:08","guid":{"rendered":"https:\/\/www.chic-immobilier.com\/mentions-legales\/"},"modified":"2021-06-28T11:30:57","modified_gmt":"2021-06-28T09:30:57","slug":"mentions-legales","status":"publish","type":"page","link":"https:\/\/www.chic-immobilier.com\/it\/mentions-legales\/","title":{"rendered":"Avviso legale e politica sulla privacy"},"content":{"rendered":"<p><strong>Propriet\u00e0<\/strong><\/p>\n<p>Questo sito \u00e8 di propriet\u00e0 di SARL CHIC Immobilier, Societ\u00e0 a Responsabilit\u00e0 Limitata con un capitale di 20.000 \u20ac, iscritta all&#8217;Elenco del Commercio e dell&#8217;Industria di Monaco, con il numero 20S08664 la cui sede si trova: &#8220;Le Patio Palace&#8221; &#8211; 41, Avenue Hector Otto &#8211; MC 98000 MONACO.<\/p>\n<p><strong>Direttore della pubblicazione<\/strong><\/p>\n<p>Massimo MASSAGLIA, Direttore di CHIC Immobilier.<\/p>\n<p><strong>Fornitori di servizi tecnici<\/strong><\/p>\n<p>Questo sito e la sua extranet sono stati creati dalla societ\u00e0 EURL KJDN, iscritta al Registro del Commercio e delle Imprese di NICE con il numero B751446634, la cui sede si trova: 1295 Avenue de Prades &#8211; 06500 MENTON (Francia).<\/p>\n<p><strong>Hosting del sito<\/strong><\/p>\n<p>Questo sito \u00e8 ospitato su server OVH la cui sede principale si trova: 140, Quai du Sartel &#8211; 59100 ROUBAIX (Francia).<\/p>\n<p><strong>Contenuto del sito<\/strong><\/p>\n<p>S.A.R.L CHIC Immobilier si impegna a garantire al meglio delle sue capacit\u00e0, l&#8217;accuratezza e l&#8217;aggiornamento delle informazioni pubblicate su questo sito e si riserva il diritto di apportare correzioni senza preavviso.<\/p>\n<p>Inoltre, tutti i documenti presentati su questo sito non sono contrattuali. Tutti i dettagli, piante, dimensioni, aree, distanze, ecc&#8230; sono forniti solo a titolo indicativo e la loro accuratezza non \u00e8 garantita. Le fotografie mostrano alcune viste selezionate delle propriet\u00e0. I dettagli non sono esaustivi e sono validi in conformit\u00e0 ai &#8220;mandati di vendita&#8221; sottoscritti con S.A.R.L CHIC Immobilier. Gli editori di CHIC Immobilier non si assumono alcuna responsabilit\u00e0 per opinioni o affermazioni fatte in articoli e altri contributi riprodotti da qualsiasi altra fonte.<\/p>\n<p>Di conseguenza, S.A.R.L CHIC Immobilier declina ogni responsabilit\u00e0:<\/p>\n<p>Per qualsiasi imprecisione, inesattezza o omissione relativa alle informazioni disponibili sul sito.<br \/>\nE pi\u00f9 in generale, per tutti i danni, diretti o indiretti, qualunque ne siano la causa, l&#8217;origine, la natura o le conseguenze, connessi all&#8217;accesso e all&#8217;utilizzo del sito.<\/p>\n<p><strong>Dati personali<\/strong><\/p>\n<p>In conformit\u00e0 con la legge sulla protezione dei dati (legge n \u00b0 78-17 del 6 gennaio 1978), ti informiamo che la raccolta di informazioni, il cui inserimento \u00e8 obbligatorio, \u00e8 necessaria per elaborare la tua richiesta. Avrai il diritto di accedere, modificare, rettificare e cancellare i dati che ti riguardano. Puoi esercitarlo:<\/p>\n<p>Scrivendo a S.A.R.L CHIC IMMOBILIER &#8211; &#8220;Le Patio Palace&#8221; &#8211; 41, Avenue Hector Otto &#8211; MC 98000 MONACO<br \/>\nInviando una e-mail a: info@chic-immobilier.com<br \/>\nLe informazioni raccolte sono destinate esclusivamente all&#8217;uso di S.A.R.L CHIC IMMOBILIER. Ci consentono di offrirti servizi personalizzati e di informarti sui nostri prodotti e servizi.<\/p>\n<p><strong>Diritti di propriet\u00e0 intellettuale<\/strong><\/p>\n<p>Le immagini, i loghi e il contenuto di questo sito cos\u00ec come il suo database sono protetti da diritti di propriet\u00e0 intellettuale e industriale. Qualsiasi estrazione, sfruttamento o utilizzo di questi deve essere effettuato in conformit\u00e0 con la legislazione in vigore.<\/p>\n<p><strong>Uso dei cookie<\/strong><\/p>\n<p>Cos&#8217;\u00e8 un biscotto?<\/p>\n<p>Un cookie \u00e8 un piccolo file di testo che i siti salvano sul tuo computer o dispositivo mobile quando li visiti. Consente a questi siti di ricordare le tue azioni e preferenze (nome utente, lingua, dimensione del carattere e altre impostazioni di visualizzazione) per un determinato tempo, in modo che tu non debba reinserire queste informazioni ogni volta che visiti questi siti o navighi da una pagina ad un altro.<\/p>\n<p>Come posso disattivare i cookie?<\/p>\n<p>Puoi controllare e\/o eliminare i cookie come desideri. Per saperne di pi\u00f9, visita aboutcookies.org. Puoi eliminare tutti i cookie memorizzati sul tuo computer e configurare la maggior parte dei browser per bloccarli. Tuttavia, in questo caso, potrebbe essere necessario specificare personalmente determinate preferenze ogni volta che si visita un sito e alcuni servizi e funzionalit\u00e0 potrebbero non essere accessibili.<\/p>\n<p>Perch\u00e9 CHIC IMMOBILIER utilizza i cookie?<\/p>\n<p>CHIC IMMOBILIER utilizza i cookie per:<\/p>\n<p>Gestisci le tue preferenze durante la navigazione nel sito<br \/>\nMigliora i nostri servizi e consenti la misurazione del pubblico<br \/>\nAltri cookie possono essere aggiunti da applicazioni di terze parti come i pulsanti di condivisione dei social media.<\/p>\n","protected":false},"excerpt":{"rendered":"<p>Propriet\u00e0 Questo sito \u00e8 di propriet\u00e0 di SARL CHIC Immobilier, Societ\u00e0 a Responsabilit\u00e0 Limitata con un capitale di 20.000 \u20ac, iscritta all&#8217;Elenco del Commercio e dell&#8217;Industria di Monaco, con il numero 20S08664 la cui sede si trova: &#8220;Le Patio Palace&#8221; &#8211; 41, Avenue Hector Otto &#8211; MC 98000 MONACO. Direttore della pubblicazione Massimo MASSAGLIA, Direttore di CHIC Immobilier. Fornitori di servizi tecnici Questo sito &#8230;<\/p>\n","protected":false},"author":1,"featured_media":0,"parent":0,"menu_order":0,"comment_status":"closed","ping_status":"closed","template":"page-templates\/terms_conditions.php","meta":{"_monsterinsights_skip_tracking":false,"_monsterinsights_sitenote_active":false,"_monsterinsights_sitenote_note":"","_monsterinsights_sitenote_category":0,"footnotes":""},"class_list":["post-21379","page","type-page","status-publish","hentry"],"aioseo_notices":[],"_links":{"self":[{"href":"https:\/\/www.chic-immobilier.com\/it\/wp-json\/wp\/v2\/pages\/21379","targetHints":{"allow":["GET"]}}],"collection":[{"href":"https:\/\/www.chic-immobilier.com\/it\/wp-json\/wp\/v2\/pages"}],"about":[{"href":"https:\/\/www.chic-immobilier.com\/it\/wp-json\/wp\/v2\/types\/page"}],"author":[{"embeddable":true,"href":"https:\/\/www.chic-immobilier.com\/it\/wp-json\/wp\/v2\/users\/1"}],"replies":[{"embeddable":true,"href":"https:\/\/www.chic-immobilier.com\/it\/wp-json\/wp\/v2\/comments?post=21379"}],"version-history":[{"count":2,"href":"https:\/\/www.chic-immobilier.com\/it\/wp-json\/wp\/v2\/pages\/21379\/revisions"}],"predecessor-version":[{"id":21382,"href":"https:\/\/www.chic-immobilier.com\/it\/wp-json\/wp\/v2\/pages\/21379\/revisions\/21382"}],"wp:attachment":[{"href":"https:\/\/www.chic-immobilier.com\/it\/wp-json\/wp\/v2\/media?parent=21379"}],"curies":[{"name":"wp","href":"https:\/\/api.w.org\/{rel}","templated":true}]}}