{"id":21098,"date":"2021-06-08T12:12:15","date_gmt":"2021-06-08T10:12:15","guid":{"rendered":"https:\/\/www.chic-immobilier.com\/nos-services\/travaux-et-decoration\/"},"modified":"2021-07-02T10:32:54","modified_gmt":"2021-07-02T08:32:54","slug":"lavoro-decorazione","status":"publish","type":"page","link":"https:\/\/www.chic-immobilier.com\/it\/i-nostri-servizi\/lavoro-decorazione\/","title":{"rendered":"Lavoro e decorazione"},"content":{"rendered":"\t\t<div data-elementor-type=\"wp-page\" data-elementor-id=\"21098\" class=\"elementor elementor-21098 elementor-20068\">\n\t\t\t\t\t\t<section class=\"elementor-section elementor-top-section elementor-element elementor-element-c5fa589 elementor-section-boxed elementor-section-height-default elementor-section-height-default\" data-id=\"c5fa589\" data-element_type=\"section\" data-e-type=\"section\">\n\t\t\t\t\t\t<div class=\"elementor-container elementor-column-gap-default\">\n\t\t\t\t\t<div class=\"elementor-column elementor-col-100 elementor-top-column elementor-element elementor-element-e7f1168\" data-id=\"e7f1168\" data-element_type=\"column\" data-e-type=\"column\">\n\t\t\t<div class=\"elementor-widget-wrap\">\n\t\t\t\t\t\t\t<\/div>\n\t\t<\/div>\n\t\t\t\t\t<\/div>\n\t\t<\/section>\n\t\t\t\t<section class=\"elementor-section elementor-top-section elementor-element elementor-element-172597bf elementor-section-boxed elementor-section-height-default elementor-section-height-default\" data-id=\"172597bf\" data-element_type=\"section\" data-e-type=\"section\" data-settings=\"{&quot;background_background&quot;:&quot;classic&quot;}\">\n\t\t\t\t\t\t<div class=\"elementor-container elementor-column-gap-default\">\n\t\t\t\t\t<div class=\"elementor-column elementor-col-33 elementor-top-column elementor-element elementor-element-19d5cf96\" data-id=\"19d5cf96\" data-element_type=\"column\" data-e-type=\"column\" data-settings=\"{&quot;background_background&quot;:&quot;classic&quot;}\">\n\t\t\t<div class=\"elementor-widget-wrap elementor-element-populated\">\n\t\t\t\t\t\t<div class=\"elementor-element elementor-element-47634178 elementor-widget elementor-widget-image\" data-id=\"47634178\" data-element_type=\"widget\" data-e-type=\"widget\" data-widget_type=\"image.default\">\n\t\t\t\t<div class=\"elementor-widget-container\">\n\t\t\t\t\t\t\t\t\t\t\t\t\t\t\t<img fetchpriority=\"high\" decoding=\"async\" width=\"1024\" height=\"853\" src=\"https:\/\/www.chic-immobilier.com\/wp-content\/uploads\/2021\/06\/1-TVX-DECO-1-1024x853.jpg\" class=\"attachment-large size-large wp-image-20078\" alt=\"Travaux et d\u00e9coration\" srcset=\"https:\/\/www.chic-immobilier.com\/wp-content\/uploads\/2021\/06\/1-TVX-DECO-1-1024x853.jpg 1024w, https:\/\/www.chic-immobilier.com\/wp-content\/uploads\/2021\/06\/1-TVX-DECO-1-300x250.jpg 300w, https:\/\/www.chic-immobilier.com\/wp-content\/uploads\/2021\/06\/1-TVX-DECO-1-768x640.jpg 768w, https:\/\/www.chic-immobilier.com\/wp-content\/uploads\/2021\/06\/1-TVX-DECO-1.jpg 1200w\" sizes=\"(max-width: 1024px) 100vw, 1024px\" \/>\t\t\t\t\t\t\t\t\t\t\t\t\t\t\t<\/div>\n\t\t\t\t<\/div>\n\t\t\t\t<div class=\"elementor-element elementor-element-7675cfd elementor-widget elementor-widget-heading\" data-id=\"7675cfd\" data-element_type=\"widget\" data-e-type=\"widget\" data-widget_type=\"heading.default\">\n\t\t\t\t<div class=\"elementor-widget-container\">\n\t\t\t\t\t<h3 class=\"elementor-heading-title elementor-size-default\">Un consulente a vostra disposizione e che vi ascolta<\/h3>\t\t\t\t<\/div>\n\t\t\t\t<\/div>\n\t\t\t\t<div class=\"elementor-element elementor-element-5a00d758 elementor-widget elementor-widget-text-editor\" data-id=\"5a00d758\" data-element_type=\"widget\" data-e-type=\"widget\" data-widget_type=\"text-editor.default\">\n\t\t\t\t<div class=\"elementor-widget-container\">\n\t\t\t\t\t\t\t\t\t<p><span style=\"font-weight: 400;\">CHIC Immobilier non considera il progetto immobiliare come una vendita o un acquisto. Vi accompagniamo e vi guidiamo dal primo pensiero alla proiezione, a titolo di consulenza. Il vostro unico interlocutore, il vostro consulente interamente dedicato a quello che sar\u00e0 il vostro nuovo luogo di vita.<\/span><\/p>\t\t\t\t\t\t\t\t<\/div>\n\t\t\t\t<\/div>\n\t\t\t\t\t<\/div>\n\t\t<\/div>\n\t\t\t\t<div class=\"elementor-column elementor-col-33 elementor-top-column elementor-element elementor-element-109af6e6\" data-id=\"109af6e6\" data-element_type=\"column\" data-e-type=\"column\">\n\t\t\t<div class=\"elementor-widget-wrap elementor-element-populated\">\n\t\t\t\t\t\t<div class=\"elementor-element elementor-element-6d8db107 elementor-widget elementor-widget-image\" data-id=\"6d8db107\" data-element_type=\"widget\" data-e-type=\"widget\" data-widget_type=\"image.default\">\n\t\t\t\t<div class=\"elementor-widget-container\">\n\t\t\t\t\t\t\t\t\t\t\t\t\t\t\t<img decoding=\"async\" width=\"1024\" height=\"853\" src=\"https:\/\/www.chic-immobilier.com\/wp-content\/uploads\/2021\/06\/2-TVX-DECO-1024x853.jpg\" class=\"attachment-large size-large wp-image-20079\" alt=\"Travaux et d\u00e9coration\" srcset=\"https:\/\/www.chic-immobilier.com\/wp-content\/uploads\/2021\/06\/2-TVX-DECO-1024x853.jpg 1024w, https:\/\/www.chic-immobilier.com\/wp-content\/uploads\/2021\/06\/2-TVX-DECO-300x250.jpg 300w, https:\/\/www.chic-immobilier.com\/wp-content\/uploads\/2021\/06\/2-TVX-DECO-768x640.jpg 768w, https:\/\/www.chic-immobilier.com\/wp-content\/uploads\/2021\/06\/2-TVX-DECO.jpg 1200w\" sizes=\"(max-width: 1024px) 100vw, 1024px\" \/>\t\t\t\t\t\t\t\t\t\t\t\t\t\t\t<\/div>\n\t\t\t\t<\/div>\n\t\t\t\t<div class=\"elementor-element elementor-element-1f3ce605 elementor-widget elementor-widget-heading\" data-id=\"1f3ce605\" data-element_type=\"widget\" data-e-type=\"widget\" data-widget_type=\"heading.default\">\n\t\t\t\t<div class=\"elementor-widget-container\">\n\t\t\t\t\t<h3 class=\"elementor-heading-title elementor-size-default\">Un notevole risparmio di tempo<\/h3>\t\t\t\t<\/div>\n\t\t\t\t<\/div>\n\t\t\t\t<div class=\"elementor-element elementor-element-57c7f050 elementor-widget elementor-widget-text-editor\" data-id=\"57c7f050\" data-element_type=\"widget\" data-e-type=\"widget\" data-widget_type=\"text-editor.default\">\n\t\t\t\t<div class=\"elementor-widget-container\">\n\t\t\t\t\t\t\t\t\t<p><span style=\"font-weight: 400;\">La nostra filosofia \u00e8 di permettervi di proiettarvi, senza stress, nella vostra futura casa. Seguire un cantiere richiede tempo, investimenti e pazienza. Il vostro consulente sar\u00e0 presente per seguire la costruzione con regolarit\u00e0 ed evitare cos\u00ec brutte sorprese.<\/span><\/p>\t\t\t\t\t\t\t\t<\/div>\n\t\t\t\t<\/div>\n\t\t\t\t\t<\/div>\n\t\t<\/div>\n\t\t\t\t<div class=\"elementor-column elementor-col-33 elementor-top-column elementor-element elementor-element-61690bfe\" data-id=\"61690bfe\" data-element_type=\"column\" data-e-type=\"column\">\n\t\t\t<div class=\"elementor-widget-wrap elementor-element-populated\">\n\t\t\t\t\t\t<div class=\"elementor-element elementor-element-6dff424 elementor-widget elementor-widget-image\" data-id=\"6dff424\" data-element_type=\"widget\" data-e-type=\"widget\" data-widget_type=\"image.default\">\n\t\t\t\t<div class=\"elementor-widget-container\">\n\t\t\t\t\t\t\t\t\t\t\t\t\t\t\t<img decoding=\"async\" width=\"1024\" height=\"853\" src=\"https:\/\/www.chic-immobilier.com\/wp-content\/uploads\/2021\/06\/3-TVX-DECO-1024x853.jpg\" class=\"attachment-large size-large wp-image-20080\" alt=\"Travaux et d\u00e9coration\" srcset=\"https:\/\/www.chic-immobilier.com\/wp-content\/uploads\/2021\/06\/3-TVX-DECO-1024x853.jpg 1024w, https:\/\/www.chic-immobilier.com\/wp-content\/uploads\/2021\/06\/3-TVX-DECO-300x250.jpg 300w, https:\/\/www.chic-immobilier.com\/wp-content\/uploads\/2021\/06\/3-TVX-DECO-768x640.jpg 768w, https:\/\/www.chic-immobilier.com\/wp-content\/uploads\/2021\/06\/3-TVX-DECO.jpg 1200w\" sizes=\"(max-width: 1024px) 100vw, 1024px\" \/>\t\t\t\t\t\t\t\t\t\t\t\t\t\t\t<\/div>\n\t\t\t\t<\/div>\n\t\t\t\t<div class=\"elementor-element elementor-element-6955b1e5 elementor-widget elementor-widget-heading\" data-id=\"6955b1e5\" data-element_type=\"widget\" data-e-type=\"widget\" data-widget_type=\"heading.default\">\n\t\t\t\t<div class=\"elementor-widget-container\">\n\t\t\t\t\t<h3 class=\"elementor-heading-title elementor-size-default\">Il tocco finale<\/h3>\t\t\t\t<\/div>\n\t\t\t\t<\/div>\n\t\t\t\t<div class=\"elementor-element elementor-element-228b5a79 elementor-widget elementor-widget-text-editor\" data-id=\"228b5a79\" data-element_type=\"widget\" data-e-type=\"widget\" data-widget_type=\"text-editor.default\">\n\t\t\t\t<div class=\"elementor-widget-container\">\n\t\t\t\t\t\t\t\t\t<p><span style=\"font-weight: 400;\">Per garantire che il risultato sia all&#8217;altezza delle vostre aspettative, vi accompagniamo fino alla consegna del cantiere. Ancora meglio, CHIC Immobilier vi consegner\u00e0 le chiavi della vostra nuova casa, avendo avuto cura di controllare in anticipo tutte le rifiniture. Non vi rester\u00e0 che apprezzare la vostra nuova vita.<\/span><\/p>\n\t\t\t\t\t\t\t\t<\/div>\n\t\t\t\t<\/div>\n\t\t\t\t\t<\/div>\n\t\t<\/div>\n\t\t\t\t\t<\/div>\n\t\t<\/section>\n\t\t\t\t<section class=\"elementor-section elementor-top-section elementor-element elementor-element-27e55b9 elementor-section-boxed elementor-section-height-default elementor-section-height-default\" data-id=\"27e55b9\" data-element_type=\"section\" data-e-type=\"section\">\n\t\t\t\t\t\t<div class=\"elementor-container elementor-column-gap-default\">\n\t\t\t\t\t<div class=\"elementor-column elementor-col-100 elementor-top-column elementor-element elementor-element-77fec685\" data-id=\"77fec685\" data-element_type=\"column\" data-e-type=\"column\">\n\t\t\t<div class=\"elementor-widget-wrap elementor-element-populated\">\n\t\t\t\t\t\t<div class=\"elementor-element elementor-element-6226c915 content-align-cta-center elementor-widget elementor-widget-eael-cta-box\" data-id=\"6226c915\" data-element_type=\"widget\" data-e-type=\"widget\" data-widget_type=\"eael-cta-box.default\">\n\t\t\t\t<div class=\"elementor-widget-container\">\n\t\t\t\t\t\t\t<div class=\"eael-call-to-action cta-basic bg-lite cta-preset-1\">\n        <h3 class=\"title eael-cta-heading\">Vuole un preventivo ?<\/h3><p><span style=\"font-weight: 400\">Il nostro team \u00e8 a vostra disposizione per discutere il vostro progetto e le vostre aspettative. Saremo quindi in grado di offrirvi un preventivo e delle proiezioni secondo le vostre aspettative.<\/span><\/p>\n<a href=\"https:\/\/www.chic-immobilier.com\/it\/contatto\/\" class=\"cta-button cta-preset-1  \">Contattateci per un appuntamento !<\/a>\t<\/div>\n\t\t\t\t\t\t\t\t<\/div>\n\t\t\t\t<\/div>\n\t\t\t\t\t<\/div>\n\t\t<\/div>\n\t\t\t\t\t<\/div>\n\t\t<\/section>\n\t\t\t\t<\/div>\n\t\t","protected":false},"excerpt":{"rendered":"<p>Un consulente a vostra disposizione e che vi ascolta CHIC Immobilier non considera il progetto immobiliare come una vendita o un acquisto. Vi accompagniamo e vi guidiamo dal primo pensiero alla proiezione, a titolo di consulenza. Il vostro unico interlocutore, il vostro consulente interamente dedicato a quello che sar\u00e0 il vostro nuovo luogo di vita. Un notevole risparmio di tempo La nostra filosofia \u00e8 &#8230;<\/p>\n","protected":false},"author":1,"featured_media":0,"parent":21047,"menu_order":0,"comment_status":"closed","ping_status":"closed","template":"","meta":{"_monsterinsights_skip_tracking":false,"_monsterinsights_sitenote_active":false,"_monsterinsights_sitenote_note":"","_monsterinsights_sitenote_category":0,"footnotes":""},"class_list":["post-21098","page","type-page","status-publish","hentry"],"aioseo_notices":[],"_links":{"self":[{"href":"https:\/\/www.chic-immobilier.com\/it\/wp-json\/wp\/v2\/pages\/21098","targetHints":{"allow":["GET"]}}],"collection":[{"href":"https:\/\/www.chic-immobilier.com\/it\/wp-json\/wp\/v2\/pages"}],"about":[{"href":"https:\/\/www.chic-immobilier.com\/it\/wp-json\/wp\/v2\/types\/page"}],"author":[{"embeddable":true,"href":"https:\/\/www.chic-immobilier.com\/it\/wp-json\/wp\/v2\/users\/1"}],"replies":[{"embeddable":true,"href":"https:\/\/www.chic-immobilier.com\/it\/wp-json\/wp\/v2\/comments?post=21098"}],"version-history":[{"count":8,"href":"https:\/\/www.chic-immobilier.com\/it\/wp-json\/wp\/v2\/pages\/21098\/revisions"}],"predecessor-version":[{"id":21684,"href":"https:\/\/www.chic-immobilier.com\/it\/wp-json\/wp\/v2\/pages\/21098\/revisions\/21684"}],"up":[{"embeddable":true,"href":"https:\/\/www.chic-immobilier.com\/it\/wp-json\/wp\/v2\/pages\/21047"}],"wp:attachment":[{"href":"https:\/\/www.chic-immobilier.com\/it\/wp-json\/wp\/v2\/media?parent=21098"}],"curies":[{"name":"wp","href":"https:\/\/api.w.org\/{rel}","templated":true}]}}