{"id":21092,"date":"2021-06-08T12:02:02","date_gmt":"2021-06-08T10:02:02","guid":{"rendered":"https:\/\/www.chic-immobilier.com\/nos-services\/concierge\/"},"modified":"2021-07-05T10:28:41","modified_gmt":"2021-07-05T08:28:41","slug":"su-misura","status":"publish","type":"page","link":"https:\/\/www.chic-immobilier.com\/it\/i-nostri-servizi\/su-misura\/","title":{"rendered":"Su misura"},"content":{"rendered":"\t\t<div data-elementor-type=\"wp-page\" data-elementor-id=\"21092\" class=\"elementor elementor-21092 elementor-20052\">\n\t\t\t\t\t\t<section class=\"elementor-section elementor-top-section elementor-element elementor-element-7fe8b20 elementor-section-boxed elementor-section-height-default elementor-section-height-default\" data-id=\"7fe8b20\" data-element_type=\"section\" data-e-type=\"section\">\n\t\t\t\t\t\t<div class=\"elementor-container elementor-column-gap-default\">\n\t\t\t\t\t<div class=\"elementor-column elementor-col-100 elementor-top-column elementor-element elementor-element-fb75914\" data-id=\"fb75914\" data-element_type=\"column\" data-e-type=\"column\">\n\t\t\t<div class=\"elementor-widget-wrap\">\n\t\t\t\t\t\t\t<\/div>\n\t\t<\/div>\n\t\t\t\t\t<\/div>\n\t\t<\/section>\n\t\t\t\t<section class=\"elementor-section elementor-top-section elementor-element elementor-element-5ce1e7e5 elementor-section-boxed elementor-section-height-default elementor-section-height-default\" data-id=\"5ce1e7e5\" data-element_type=\"section\" data-e-type=\"section\" data-settings=\"{&quot;background_background&quot;:&quot;classic&quot;}\">\n\t\t\t\t\t\t<div class=\"elementor-container elementor-column-gap-default\">\n\t\t\t\t\t<div class=\"elementor-column elementor-col-33 elementor-top-column elementor-element elementor-element-6a06de8c\" data-id=\"6a06de8c\" data-element_type=\"column\" data-e-type=\"column\" data-settings=\"{&quot;background_background&quot;:&quot;classic&quot;}\">\n\t\t\t<div class=\"elementor-widget-wrap elementor-element-populated\">\n\t\t\t\t\t\t<div class=\"elementor-element elementor-element-60df0f2e elementor-widget elementor-widget-image\" data-id=\"60df0f2e\" data-element_type=\"widget\" data-e-type=\"widget\" data-widget_type=\"image.default\">\n\t\t\t\t<div class=\"elementor-widget-container\">\n\t\t\t\t\t\t\t\t\t\t\t\t\t\t\t<img fetchpriority=\"high\" decoding=\"async\" width=\"1024\" height=\"684\" src=\"https:\/\/www.chic-immobilier.com\/wp-content\/uploads\/2021\/06\/1-CONCIERGERIE-1024x684.jpg\" class=\"attachment-large size-large wp-image-20062\" alt=\"Conciergerie\" srcset=\"https:\/\/www.chic-immobilier.com\/wp-content\/uploads\/2021\/06\/1-CONCIERGERIE-1024x684.jpg 1024w, https:\/\/www.chic-immobilier.com\/wp-content\/uploads\/2021\/06\/1-CONCIERGERIE-300x200.jpg 300w, https:\/\/www.chic-immobilier.com\/wp-content\/uploads\/2021\/06\/1-CONCIERGERIE-768x513.jpg 768w, https:\/\/www.chic-immobilier.com\/wp-content\/uploads\/2021\/06\/1-CONCIERGERIE-105x70.jpg 105w, https:\/\/www.chic-immobilier.com\/wp-content\/uploads\/2021\/06\/1-CONCIERGERIE.jpg 1200w\" sizes=\"(max-width: 1024px) 100vw, 1024px\" \/>\t\t\t\t\t\t\t\t\t\t\t\t\t\t\t<\/div>\n\t\t\t\t<\/div>\n\t\t\t\t<div class=\"elementor-element elementor-element-73a57bc4 elementor-widget elementor-widget-heading\" data-id=\"73a57bc4\" data-element_type=\"widget\" data-e-type=\"widget\" data-widget_type=\"heading.default\">\n\t\t\t\t<div class=\"elementor-widget-container\">\n\t\t\t\t\t<h3 class=\"elementor-heading-title elementor-size-default\">Molto pi\u00f9 di un'agenzia<\/h3>\t\t\t\t<\/div>\n\t\t\t\t<\/div>\n\t\t\t\t<div class=\"elementor-element elementor-element-441ac476 elementor-widget elementor-widget-text-editor\" data-id=\"441ac476\" data-element_type=\"widget\" data-e-type=\"widget\" data-widget_type=\"text-editor.default\">\n\t\t\t\t<div class=\"elementor-widget-container\">\n\t\t\t\t\t\t\t\t\t<p>CHIC Immobilier \u00e8 molto pi\u00f9 di una semplice agenzia immobiliare. Metteremo a vostra disposizione la nostra rete nel Principato e a livello internazionale, nonch\u00e9 la nostra conoscenza delle amministrazioni, istituzioni e stabilimenti locali.<\/p>\n\t\t\t\t\t\t\t\t<\/div>\n\t\t\t\t<\/div>\n\t\t\t\t\t<\/div>\n\t\t<\/div>\n\t\t\t\t<div class=\"elementor-column elementor-col-33 elementor-top-column elementor-element elementor-element-71277d78\" data-id=\"71277d78\" data-element_type=\"column\" data-e-type=\"column\">\n\t\t\t<div class=\"elementor-widget-wrap elementor-element-populated\">\n\t\t\t\t\t\t<div class=\"elementor-element elementor-element-1b98ad01 elementor-widget elementor-widget-image\" data-id=\"1b98ad01\" data-element_type=\"widget\" data-e-type=\"widget\" data-widget_type=\"image.default\">\n\t\t\t\t<div class=\"elementor-widget-container\">\n\t\t\t\t\t\t\t\t\t\t\t\t\t\t\t<img decoding=\"async\" width=\"1024\" height=\"683\" src=\"https:\/\/www.chic-immobilier.com\/wp-content\/uploads\/2021\/06\/2-CONCIERGERIE-1024x683.jpg\" class=\"attachment-large size-large wp-image-20063\" alt=\"Conciergerie\" srcset=\"https:\/\/www.chic-immobilier.com\/wp-content\/uploads\/2021\/06\/2-CONCIERGERIE-1024x683.jpg 1024w, https:\/\/www.chic-immobilier.com\/wp-content\/uploads\/2021\/06\/2-CONCIERGERIE-300x200.jpg 300w, https:\/\/www.chic-immobilier.com\/wp-content\/uploads\/2021\/06\/2-CONCIERGERIE-768x512.jpg 768w, https:\/\/www.chic-immobilier.com\/wp-content\/uploads\/2021\/06\/2-CONCIERGERIE-105x70.jpg 105w, https:\/\/www.chic-immobilier.com\/wp-content\/uploads\/2021\/06\/2-CONCIERGERIE.jpg 1200w\" sizes=\"(max-width: 1024px) 100vw, 1024px\" \/>\t\t\t\t\t\t\t\t\t\t\t\t\t\t\t<\/div>\n\t\t\t\t<\/div>\n\t\t\t\t<div class=\"elementor-element elementor-element-725e9e84 elementor-widget elementor-widget-heading\" data-id=\"725e9e84\" data-element_type=\"widget\" data-e-type=\"widget\" data-widget_type=\"heading.default\">\n\t\t\t\t<div class=\"elementor-widget-container\">\n\t\t\t\t\t<h3 class=\"elementor-heading-title elementor-size-default\">Servizi su misura<\/h3>\t\t\t\t<\/div>\n\t\t\t\t<\/div>\n\t\t\t\t<div class=\"elementor-element elementor-element-1c0da536 elementor-widget elementor-widget-text-editor\" data-id=\"1c0da536\" data-element_type=\"widget\" data-e-type=\"widget\" data-widget_type=\"text-editor.default\">\n\t\t\t\t<div class=\"elementor-widget-container\">\n\t\t\t\t\t\t\t\t\t<p>Ogni cliente ha aspettative specifiche. Vi offriamo assistenza nel processo di acquisizione della residenza, apertura di un conto bancario, acquisto di un veicolo e sottoscrizione di vari abbonamenti. Il vostro trasloco avr\u00e0 successo e sar\u00e0 effettuato in tutta tranquillit\u00e0.<\/p>\n\t\t\t\t\t\t\t\t<\/div>\n\t\t\t\t<\/div>\n\t\t\t\t\t<\/div>\n\t\t<\/div>\n\t\t\t\t<div class=\"elementor-column elementor-col-33 elementor-top-column elementor-element elementor-element-775a09fa\" data-id=\"775a09fa\" data-element_type=\"column\" data-e-type=\"column\">\n\t\t\t<div class=\"elementor-widget-wrap elementor-element-populated\">\n\t\t\t\t\t\t<div class=\"elementor-element elementor-element-9617794 elementor-widget elementor-widget-image\" data-id=\"9617794\" data-element_type=\"widget\" data-e-type=\"widget\" data-widget_type=\"image.default\">\n\t\t\t\t<div class=\"elementor-widget-container\">\n\t\t\t\t\t\t\t\t\t\t\t\t\t\t\t<img decoding=\"async\" width=\"1024\" height=\"683\" src=\"https:\/\/www.chic-immobilier.com\/wp-content\/uploads\/2021\/06\/3-CONCIERGERIE-1024x683.jpg\" class=\"attachment-large size-large wp-image-20064\" alt=\"\" srcset=\"https:\/\/www.chic-immobilier.com\/wp-content\/uploads\/2021\/06\/3-CONCIERGERIE-1024x683.jpg 1024w, https:\/\/www.chic-immobilier.com\/wp-content\/uploads\/2021\/06\/3-CONCIERGERIE-300x200.jpg 300w, https:\/\/www.chic-immobilier.com\/wp-content\/uploads\/2021\/06\/3-CONCIERGERIE-768x512.jpg 768w, https:\/\/www.chic-immobilier.com\/wp-content\/uploads\/2021\/06\/3-CONCIERGERIE-105x70.jpg 105w, https:\/\/www.chic-immobilier.com\/wp-content\/uploads\/2021\/06\/3-CONCIERGERIE.jpg 1200w\" sizes=\"(max-width: 1024px) 100vw, 1024px\" \/>\t\t\t\t\t\t\t\t\t\t\t\t\t\t\t<\/div>\n\t\t\t\t<\/div>\n\t\t\t\t<div class=\"elementor-element elementor-element-744d35a elementor-widget elementor-widget-heading\" data-id=\"744d35a\" data-element_type=\"widget\" data-e-type=\"widget\" data-widget_type=\"heading.default\">\n\t\t\t\t<div class=\"elementor-widget-container\">\n\t\t\t\t\t<h3 class=\"elementor-heading-title elementor-size-default\">Una squadra disponibile e raggiungibile<\/h3>\t\t\t\t<\/div>\n\t\t\t\t<\/div>\n\t\t\t\t<div class=\"elementor-element elementor-element-77634490 elementor-widget elementor-widget-text-editor\" data-id=\"77634490\" data-element_type=\"widget\" data-e-type=\"widget\" data-widget_type=\"text-editor.default\">\n\t\t\t\t<div class=\"elementor-widget-container\">\n\t\t\t\t\t\t\t\t\t<p>Accompagnarvi durante tutto il vostro progetto \u00e8 un imperativo. CHIC Immobilier pone l&#8217;umano al centro delle sue relazioni. I nostri consulenti saranno al tuo fianco in ogni fase del vostro progetto.<\/p>\t\t\t\t\t\t\t\t<\/div>\n\t\t\t\t<\/div>\n\t\t\t\t\t<\/div>\n\t\t<\/div>\n\t\t\t\t\t<\/div>\n\t\t<\/section>\n\t\t\t\t<section class=\"elementor-section elementor-top-section elementor-element elementor-element-6ec0db49 elementor-section-boxed elementor-section-height-default elementor-section-height-default\" data-id=\"6ec0db49\" data-element_type=\"section\" data-e-type=\"section\">\n\t\t\t\t\t\t<div class=\"elementor-container elementor-column-gap-default\">\n\t\t\t\t\t<div class=\"elementor-column elementor-col-100 elementor-top-column elementor-element elementor-element-421d1708\" data-id=\"421d1708\" data-element_type=\"column\" data-e-type=\"column\">\n\t\t\t<div class=\"elementor-widget-wrap elementor-element-populated\">\n\t\t\t\t\t\t<div class=\"elementor-element elementor-element-6abd6335 content-align-cta-center elementor-widget elementor-widget-eael-cta-box\" data-id=\"6abd6335\" data-element_type=\"widget\" data-e-type=\"widget\" data-widget_type=\"eael-cta-box.default\">\n\t\t\t\t<div class=\"elementor-widget-container\">\n\t\t\t\t\t\t\t<div class=\"eael-call-to-action cta-basic bg-lite cta-preset-1\">\n        <h3 class=\"title eael-cta-heading\">Volete maggiori informazioni ?<\/h3><p><span style=\"font-weight: 400\">La nostra squadra \u00e8 a vostra disposizione per aiutarvi con il vostro trasloco e per guidarvi attraverso tutti i passi che dovete fare per stabilirvi con tranquillit\u00e0.<\/span><\/p><a href=\"https:\/\/www.chic-immobilier.com\/it\/contatto\/\" class=\"cta-button cta-preset-1  \">Contattateci per un appuntamento !<\/a>\t<\/div>\n\t\t\t\t\t\t\t\t<\/div>\n\t\t\t\t<\/div>\n\t\t\t\t\t<\/div>\n\t\t<\/div>\n\t\t\t\t\t<\/div>\n\t\t<\/section>\n\t\t\t\t<\/div>\n\t\t","protected":false},"excerpt":{"rendered":"<p>Molto pi\u00f9 di un&#8217;agenzia CHIC Immobilier \u00e8 molto pi\u00f9 di una semplice agenzia immobiliare. Metteremo a vostra disposizione la nostra rete nel Principato e a livello internazionale, nonch\u00e9 la nostra conoscenza delle amministrazioni, istituzioni e stabilimenti locali. Servizi su misura Ogni cliente ha aspettative specifiche. Vi offriamo assistenza nel processo di acquisizione della residenza, apertura di un conto bancario, acquisto di un veicolo e &#8230;<\/p>\n","protected":false},"author":1,"featured_media":0,"parent":21047,"menu_order":0,"comment_status":"closed","ping_status":"closed","template":"","meta":{"_monsterinsights_skip_tracking":false,"_monsterinsights_sitenote_active":false,"_monsterinsights_sitenote_note":"","_monsterinsights_sitenote_category":0,"footnotes":""},"class_list":["post-21092","page","type-page","status-publish","hentry"],"aioseo_notices":[],"_links":{"self":[{"href":"https:\/\/www.chic-immobilier.com\/it\/wp-json\/wp\/v2\/pages\/21092","targetHints":{"allow":["GET"]}}],"collection":[{"href":"https:\/\/www.chic-immobilier.com\/it\/wp-json\/wp\/v2\/pages"}],"about":[{"href":"https:\/\/www.chic-immobilier.com\/it\/wp-json\/wp\/v2\/types\/page"}],"author":[{"embeddable":true,"href":"https:\/\/www.chic-immobilier.com\/it\/wp-json\/wp\/v2\/users\/1"}],"replies":[{"embeddable":true,"href":"https:\/\/www.chic-immobilier.com\/it\/wp-json\/wp\/v2\/comments?post=21092"}],"version-history":[{"count":8,"href":"https:\/\/www.chic-immobilier.com\/it\/wp-json\/wp\/v2\/pages\/21092\/revisions"}],"predecessor-version":[{"id":21703,"href":"https:\/\/www.chic-immobilier.com\/it\/wp-json\/wp\/v2\/pages\/21092\/revisions\/21703"}],"up":[{"embeddable":true,"href":"https:\/\/www.chic-immobilier.com\/it\/wp-json\/wp\/v2\/pages\/21047"}],"wp:attachment":[{"href":"https:\/\/www.chic-immobilier.com\/it\/wp-json\/wp\/v2\/media?parent=21092"}],"curies":[{"name":"wp","href":"https:\/\/api.w.org\/{rel}","templated":true}]}}