{"id":21082,"date":"2021-06-08T11:06:49","date_gmt":"2021-06-08T09:06:49","guid":{"rendered":"https:\/\/www.chic-immobilier.com\/nos-services\/location-vacances\/"},"modified":"2021-07-05T10:33:36","modified_gmt":"2021-07-05T08:33:36","slug":"noleggio-stagionale","status":"publish","type":"page","link":"https:\/\/www.chic-immobilier.com\/it\/i-nostri-servizi\/noleggio-stagionale\/","title":{"rendered":"Noleggio stagionale"},"content":{"rendered":"\t\t<div data-elementor-type=\"wp-page\" data-elementor-id=\"21082\" class=\"elementor elementor-21082 elementor-20035\">\n\t\t\t\t\t\t<section class=\"elementor-section elementor-top-section elementor-element elementor-element-8f0bb39 elementor-section-boxed elementor-section-height-default elementor-section-height-default\" data-id=\"8f0bb39\" data-element_type=\"section\" data-e-type=\"section\">\n\t\t\t\t\t\t<div class=\"elementor-container elementor-column-gap-default\">\n\t\t\t\t\t<div class=\"elementor-column elementor-col-100 elementor-top-column elementor-element elementor-element-45ef510\" data-id=\"45ef510\" data-element_type=\"column\" data-e-type=\"column\">\n\t\t\t<div class=\"elementor-widget-wrap\">\n\t\t\t\t\t\t\t<\/div>\n\t\t<\/div>\n\t\t\t\t\t<\/div>\n\t\t<\/section>\n\t\t\t\t<section class=\"elementor-section elementor-top-section elementor-element elementor-element-66cd3585 elementor-section-boxed elementor-section-height-default elementor-section-height-default\" data-id=\"66cd3585\" data-element_type=\"section\" data-e-type=\"section\" data-settings=\"{&quot;background_background&quot;:&quot;classic&quot;}\">\n\t\t\t\t\t\t<div class=\"elementor-container elementor-column-gap-default\">\n\t\t\t\t\t<div class=\"elementor-column elementor-col-33 elementor-top-column elementor-element elementor-element-755d9647\" data-id=\"755d9647\" data-element_type=\"column\" data-e-type=\"column\" data-settings=\"{&quot;background_background&quot;:&quot;classic&quot;}\">\n\t\t\t<div class=\"elementor-widget-wrap elementor-element-populated\">\n\t\t\t\t\t\t<div class=\"elementor-element elementor-element-14ca65 elementor-widget elementor-widget-image\" data-id=\"14ca65\" data-element_type=\"widget\" data-e-type=\"widget\" data-widget_type=\"image.default\">\n\t\t\t\t<div class=\"elementor-widget-container\">\n\t\t\t\t\t\t\t\t\t\t\t\t\t\t\t<img fetchpriority=\"high\" decoding=\"async\" width=\"1024\" height=\"853\" src=\"https:\/\/www.chic-immobilier.com\/wp-content\/uploads\/2021\/06\/1-LOC-SAISONNIERE-1024x853.jpg\" class=\"attachment-large size-large wp-image-20046\" alt=\"Location saisonni\u00e8re\" srcset=\"https:\/\/www.chic-immobilier.com\/wp-content\/uploads\/2021\/06\/1-LOC-SAISONNIERE-1024x853.jpg 1024w, https:\/\/www.chic-immobilier.com\/wp-content\/uploads\/2021\/06\/1-LOC-SAISONNIERE-300x250.jpg 300w, https:\/\/www.chic-immobilier.com\/wp-content\/uploads\/2021\/06\/1-LOC-SAISONNIERE-768x640.jpg 768w, https:\/\/www.chic-immobilier.com\/wp-content\/uploads\/2021\/06\/1-LOC-SAISONNIERE.jpg 1200w\" sizes=\"(max-width: 1024px) 100vw, 1024px\" \/>\t\t\t\t\t\t\t\t\t\t\t\t\t\t\t<\/div>\n\t\t\t\t<\/div>\n\t\t\t\t<div class=\"elementor-element elementor-element-6428ecc0 elementor-widget elementor-widget-heading\" data-id=\"6428ecc0\" data-element_type=\"widget\" data-e-type=\"widget\" data-widget_type=\"heading.default\">\n\t\t\t\t<div class=\"elementor-widget-container\">\n\t\t\t\t\t<h3 class=\"elementor-heading-title elementor-size-default\">Competenza sul mercato e una rete a vostra disposizione<\/h3>\t\t\t\t<\/div>\n\t\t\t\t<\/div>\n\t\t\t\t<div class=\"elementor-element elementor-element-700d46e7 elementor-widget elementor-widget-text-editor\" data-id=\"700d46e7\" data-element_type=\"widget\" data-e-type=\"widget\" data-widget_type=\"text-editor.default\">\n\t\t\t\t<div class=\"elementor-widget-container\">\n\t\t\t\t\t\t\t\t\t<p>Affittare un appartamento o una villa \u00e8 una decisione importante e nulla dovrebbe essere lasciato al caso. La nostra esperienza ci permette di capire perfettamente le aspettative dei turisti. Faremo un controllo completo della vostra casa prima di metterla sul mercato.<\/p>\n\t\t\t\t\t\t\t\t<\/div>\n\t\t\t\t<\/div>\n\t\t\t\t\t<\/div>\n\t\t<\/div>\n\t\t\t\t<div class=\"elementor-column elementor-col-33 elementor-top-column elementor-element elementor-element-3faa33bb\" data-id=\"3faa33bb\" data-element_type=\"column\" data-e-type=\"column\">\n\t\t\t<div class=\"elementor-widget-wrap elementor-element-populated\">\n\t\t\t\t\t\t<div class=\"elementor-element elementor-element-483e1c82 elementor-widget elementor-widget-image\" data-id=\"483e1c82\" data-element_type=\"widget\" data-e-type=\"widget\" data-widget_type=\"image.default\">\n\t\t\t\t<div class=\"elementor-widget-container\">\n\t\t\t\t\t\t\t\t\t\t\t\t\t\t\t<img decoding=\"async\" width=\"1024\" height=\"853\" src=\"https:\/\/www.chic-immobilier.com\/wp-content\/uploads\/2021\/06\/2-LOC-SAISONNIERE-1024x853.jpg\" class=\"attachment-large size-large wp-image-20047\" alt=\"\" srcset=\"https:\/\/www.chic-immobilier.com\/wp-content\/uploads\/2021\/06\/2-LOC-SAISONNIERE-1024x853.jpg 1024w, https:\/\/www.chic-immobilier.com\/wp-content\/uploads\/2021\/06\/2-LOC-SAISONNIERE-300x250.jpg 300w, https:\/\/www.chic-immobilier.com\/wp-content\/uploads\/2021\/06\/2-LOC-SAISONNIERE-768x640.jpg 768w, https:\/\/www.chic-immobilier.com\/wp-content\/uploads\/2021\/06\/2-LOC-SAISONNIERE.jpg 1200w\" sizes=\"(max-width: 1024px) 100vw, 1024px\" \/>\t\t\t\t\t\t\t\t\t\t\t\t\t\t\t<\/div>\n\t\t\t\t<\/div>\n\t\t\t\t<div class=\"elementor-element elementor-element-16a549e4 elementor-widget elementor-widget-heading\" data-id=\"16a549e4\" data-element_type=\"widget\" data-e-type=\"widget\" data-widget_type=\"heading.default\">\n\t\t\t\t<div class=\"elementor-widget-container\">\n\t\t\t\t\t<h3 class=\"elementor-heading-title elementor-size-default\">Trasmissione multimediale<\/h3>\t\t\t\t<\/div>\n\t\t\t\t<\/div>\n\t\t\t\t<div class=\"elementor-element elementor-element-2c8e71cd elementor-widget elementor-widget-text-editor\" data-id=\"2c8e71cd\" data-element_type=\"widget\" data-e-type=\"widget\" data-widget_type=\"text-editor.default\">\n\t\t\t\t<div class=\"elementor-widget-container\">\n\t\t\t\t\t\t\t\t\t<p>Per rendere visibile la vostra propriet\u00e0, vi forniremo una rete di partner per ottimizzare la visibilit\u00e0 della vostra propriet\u00e0. La promozione della vostra propriet\u00e0 inizier\u00e0 con una diffusione sul nostro sito web seguita da una strategia mirata e personalizzata.<\/p>\n\t\t\t\t\t\t\t\t<\/div>\n\t\t\t\t<\/div>\n\t\t\t\t\t<\/div>\n\t\t<\/div>\n\t\t\t\t<div class=\"elementor-column elementor-col-33 elementor-top-column elementor-element elementor-element-596ecee5\" data-id=\"596ecee5\" data-element_type=\"column\" data-e-type=\"column\">\n\t\t\t<div class=\"elementor-widget-wrap elementor-element-populated\">\n\t\t\t\t\t\t<div class=\"elementor-element elementor-element-797162e7 elementor-widget elementor-widget-image\" data-id=\"797162e7\" data-element_type=\"widget\" data-e-type=\"widget\" data-widget_type=\"image.default\">\n\t\t\t\t<div class=\"elementor-widget-container\">\n\t\t\t\t\t\t\t\t\t\t\t\t\t\t\t<img decoding=\"async\" width=\"1024\" height=\"853\" src=\"https:\/\/www.chic-immobilier.com\/wp-content\/uploads\/2021\/06\/3-LOC-SAISONNIERE-1024x853.jpg\" class=\"attachment-large size-large wp-image-20048\" alt=\"Location saisonni\u00e8re\" srcset=\"https:\/\/www.chic-immobilier.com\/wp-content\/uploads\/2021\/06\/3-LOC-SAISONNIERE-1024x853.jpg 1024w, https:\/\/www.chic-immobilier.com\/wp-content\/uploads\/2021\/06\/3-LOC-SAISONNIERE-300x250.jpg 300w, https:\/\/www.chic-immobilier.com\/wp-content\/uploads\/2021\/06\/3-LOC-SAISONNIERE-768x640.jpg 768w, https:\/\/www.chic-immobilier.com\/wp-content\/uploads\/2021\/06\/3-LOC-SAISONNIERE.jpg 1200w\" sizes=\"(max-width: 1024px) 100vw, 1024px\" \/>\t\t\t\t\t\t\t\t\t\t\t\t\t\t\t<\/div>\n\t\t\t\t<\/div>\n\t\t\t\t<div class=\"elementor-element elementor-element-48132d7f elementor-widget elementor-widget-heading\" data-id=\"48132d7f\" data-element_type=\"widget\" data-e-type=\"widget\" data-widget_type=\"heading.default\">\n\t\t\t\t<div class=\"elementor-widget-container\">\n\t\t\t\t\t<h3 class=\"elementor-heading-title elementor-size-default\">Una gestione totale di tutti i passi<\/h3>\t\t\t\t<\/div>\n\t\t\t\t<\/div>\n\t\t\t\t<div class=\"elementor-element elementor-element-6d054f1c elementor-widget elementor-widget-text-editor\" data-id=\"6d054f1c\" data-element_type=\"widget\" data-e-type=\"widget\" data-widget_type=\"text-editor.default\">\n\t\t\t\t<div class=\"elementor-widget-container\">\n\t\t\t\t\t\t\t\t\t<p>Ora che la vostra propriet\u00e0 \u00e8 visibile, possiamo occuparci della sua gestione amministrativa : redazione di contratti, gestione del calendario, monitoraggio dei pagamenti e dei solleciti. Scoprite la libert\u00e0 di affittare senza vincoli e affidatevi alla nostra esperienza e alle nostre competenze !<\/p>\t\t\t\t\t\t\t\t<\/div>\n\t\t\t\t<\/div>\n\t\t\t\t\t<\/div>\n\t\t<\/div>\n\t\t\t\t\t<\/div>\n\t\t<\/section>\n\t\t\t\t<section class=\"elementor-section elementor-top-section elementor-element elementor-element-177ad72c elementor-section-boxed elementor-section-height-default elementor-section-height-default\" data-id=\"177ad72c\" data-element_type=\"section\" data-e-type=\"section\">\n\t\t\t\t\t\t<div class=\"elementor-container elementor-column-gap-default\">\n\t\t\t\t\t<div class=\"elementor-column elementor-col-100 elementor-top-column elementor-element elementor-element-25437d6e\" data-id=\"25437d6e\" data-element_type=\"column\" data-e-type=\"column\">\n\t\t\t<div class=\"elementor-widget-wrap elementor-element-populated\">\n\t\t\t\t\t\t<div class=\"elementor-element elementor-element-660c7734 content-align-cta-center elementor-widget elementor-widget-eael-cta-box\" data-id=\"660c7734\" data-element_type=\"widget\" data-e-type=\"widget\" data-widget_type=\"eael-cta-box.default\">\n\t\t\t\t<div class=\"elementor-widget-container\">\n\t\t\t\t\t\t\t<div class=\"eael-call-to-action cta-basic bg-lite cta-preset-1\">\n        <h3 class=\"title eael-cta-heading\">Avete qualche richieste ?<\/h3><p>Non esitate a contattarci, uno dei nostri consulenti sar\u00e0 felice di fornirvi supporto e consigli su misura per le vostre aspettative e necessit\u00e0 !<\/p>\n<a href=\"https:\/\/www.chic-immobilier.com\/it\/contatto\/\" class=\"cta-button cta-preset-1  \">Contattateci per un appuntamento !<\/a>\t<\/div>\n\t\t\t\t\t\t\t\t<\/div>\n\t\t\t\t<\/div>\n\t\t\t\t\t<\/div>\n\t\t<\/div>\n\t\t\t\t\t<\/div>\n\t\t<\/section>\n\t\t\t\t<\/div>\n\t\t","protected":false},"excerpt":{"rendered":"<p>Competenza sul mercato e una rete a vostra disposizione Affittare un appartamento o una villa \u00e8 una decisione importante e nulla dovrebbe essere lasciato al caso. La nostra esperienza ci permette di capire perfettamente le aspettative dei turisti. Faremo un controllo completo della vostra casa prima di metterla sul mercato. Trasmissione multimediale Per rendere visibile la vostra propriet\u00e0, vi forniremo una rete di partner &#8230;<\/p>\n","protected":false},"author":1,"featured_media":0,"parent":21047,"menu_order":0,"comment_status":"closed","ping_status":"closed","template":"","meta":{"_monsterinsights_skip_tracking":false,"_monsterinsights_sitenote_active":false,"_monsterinsights_sitenote_note":"","_monsterinsights_sitenote_category":0,"footnotes":""},"class_list":["post-21082","page","type-page","status-publish","hentry"],"aioseo_notices":[],"_links":{"self":[{"href":"https:\/\/www.chic-immobilier.com\/it\/wp-json\/wp\/v2\/pages\/21082","targetHints":{"allow":["GET"]}}],"collection":[{"href":"https:\/\/www.chic-immobilier.com\/it\/wp-json\/wp\/v2\/pages"}],"about":[{"href":"https:\/\/www.chic-immobilier.com\/it\/wp-json\/wp\/v2\/types\/page"}],"author":[{"embeddable":true,"href":"https:\/\/www.chic-immobilier.com\/it\/wp-json\/wp\/v2\/users\/1"}],"replies":[{"embeddable":true,"href":"https:\/\/www.chic-immobilier.com\/it\/wp-json\/wp\/v2\/comments?post=21082"}],"version-history":[{"count":13,"href":"https:\/\/www.chic-immobilier.com\/it\/wp-json\/wp\/v2\/pages\/21082\/revisions"}],"predecessor-version":[{"id":21707,"href":"https:\/\/www.chic-immobilier.com\/it\/wp-json\/wp\/v2\/pages\/21082\/revisions\/21707"}],"up":[{"embeddable":true,"href":"https:\/\/www.chic-immobilier.com\/it\/wp-json\/wp\/v2\/pages\/21047"}],"wp:attachment":[{"href":"https:\/\/www.chic-immobilier.com\/it\/wp-json\/wp\/v2\/media?parent=21082"}],"curies":[{"name":"wp","href":"https:\/\/api.w.org\/{rel}","templated":true}]}}